{"id":59015,"date":"2023-05-22T09:27:19","date_gmt":"2023-05-22T07:27:19","guid":{"rendered":"https:\/\/www.urbanfitness.it\/?post_type=product&#038;p=59015"},"modified":"2026-03-11T14:25:37","modified_gmt":"2026-03-11T13:25:37","slug":"noleggio-symbiont-tech-suit-milano-carlo-erba","status":"publish","type":"product","link":"https:\/\/www.urbanfitness.it\/en\/prodotto\/noleggio-symbiont-tech-suit-milano-carlo-erba\/","title":{"rendered":"Noleggio Symbiont Tech Suit &#8211; Milano Carlo Erba"},"content":{"rendered":"<p>La Symbiont Tec Suit monitora i parametri del tuo corpo e permette di personalizzare il tuo allenamento.<\/p>\n<p>\u00c9 completamente wireless e ti garantisce massima agilit\u00e0 durante gli allenamenti.<br \/>\n\u00c9 confortevole ed elasticizzata.<br \/>\n\u00c9 facile da indossare e da rimuovere.<br \/>\n\u00c9 la tua tuta personale, igiene garantito al 100%.<br \/>\nPu\u00f2 essere lavata in lavatrice a 30\u00b0.<\/p>\n","protected":false},"excerpt":{"rendered":"<p>La Symbiont Tec Suit monitora i parametri del tuo corpo e permette di personalizzare il tuo allenamento. \u00c9 completamente wireless e ti garantisce massima agilit\u00e0 durante gli allenamenti. \u00c9 confortevole ed elasticizzata. \u00c9 facile da indossare e da rimuovere. \u00c9 la tua tuta personale, igiene garantito al 100%. Pu\u00f2 essere lavata in lavatrice a 30\u00b0.<\/p>\n","protected":false},"featured_media":58140,"comment_status":"closed","ping_status":"closed","template":"","meta":{"_acf_changed":false},"product_brand":[],"product_cat":[352],"product_tag":[],"class_list":{"0":"post-59015","1":"product","2":"type-product","3":"status-publish","4":"has-post-thumbnail","6":"product_cat-symbiont","8":"first","9":"instock","10":"virtual","11":"purchasable","12":"product-type-subscription"},"acf":[],"yoast_head":"<!-- This site is optimized with the Yoast SEO plugin v26.3 - https:\/\/yoast.com\/wordpress\/plugins\/seo\/ -->\n<title>Noleggio Symbiont Tech Suit - Milano Carlo Erba - Urban Fitness<\/title>\n<meta name=\"description\" content=\"-1220\" \/>\n<meta name=\"robots\" content=\"noindex, nofollow\" \/>\n<meta property=\"og:locale\" content=\"en_US\" \/>\n<meta property=\"og:type\" content=\"article\" \/>\n<meta property=\"og:title\" content=\"Noleggio Symbiont Tech Suit - Milano Carlo Erba - Urban Fitness\" \/>\n<meta property=\"og:description\" content=\"-1220\" \/>\n<meta property=\"og:url\" content=\"https:\/\/www.urbanfitness.it\/prodotto\/noleggio-symbiont-tech-suit-milano-carlo-erba\/\" \/>\n<meta property=\"og:site_name\" content=\"Urban Fitness\" \/>\n<meta property=\"article:publisher\" content=\"https:\/\/www.facebook.com\/urbanfitness.it\" \/>\n<meta property=\"article:modified_time\" content=\"2026-03-11T13:25:37+00:00\" \/>\n<meta property=\"og:image\" content=\"https:\/\/www.urbanfitness.it\/wp-content\/uploads\/2023\/05\/symbiont.jpg\" \/>\n\t<meta property=\"og:image:width\" content=\"1000\" \/>\n\t<meta property=\"og:image:height\" content=\"1000\" \/>\n\t<meta property=\"og:image:type\" content=\"image\/jpeg\" \/>\n<meta name=\"twitter:card\" content=\"summary_large_image\" \/>\n<meta name=\"twitter:image\" content=\"https:\/\/www.urbanfitness.it\/wp-content\/uploads\/2022\/07\/logo_header@2x.png\" \/>\n<meta name=\"twitter:label1\" content=\"Est. reading time\" \/>\n\t<meta name=\"twitter:data1\" content=\"1 minute\" \/>\n<script type=\"application\/ld+json\" class=\"yoast-schema-graph\">{\"@context\":\"https:\/\/schema.org\",\"@graph\":[{\"@type\":\"WebPage\",\"@id\":\"https:\/\/www.urbanfitness.it\/prodotto\/noleggio-symbiont-tech-suit-milano-carlo-erba\/\",\"url\":\"https:\/\/www.urbanfitness.it\/prodotto\/noleggio-symbiont-tech-suit-milano-carlo-erba\/\",\"name\":\"Noleggio Symbiont Tech Suit - Milano Carlo Erba - Urban Fitness\",\"isPartOf\":{\"@id\":\"https:\/\/www.urbanfitness.it\/#website\"},\"primaryImageOfPage\":{\"@id\":\"https:\/\/www.urbanfitness.it\/prodotto\/noleggio-symbiont-tech-suit-milano-carlo-erba\/#primaryimage\"},\"image\":{\"@id\":\"https:\/\/www.urbanfitness.it\/prodotto\/noleggio-symbiont-tech-suit-milano-carlo-erba\/#primaryimage\"},\"thumbnailUrl\":\"https:\/\/www.urbanfitness.it\/wp-content\/uploads\/2023\/05\/symbiont.jpg\",\"datePublished\":\"2023-05-22T07:27:19+00:00\",\"dateModified\":\"2026-03-11T13:25:37+00:00\",\"description\":\"-1220\",\"breadcrumb\":{\"@id\":\"https:\/\/www.urbanfitness.it\/prodotto\/noleggio-symbiont-tech-suit-milano-carlo-erba\/#breadcrumb\"},\"inLanguage\":\"en-US\",\"potentialAction\":[{\"@type\":\"ReadAction\",\"target\":[\"https:\/\/www.urbanfitness.it\/prodotto\/noleggio-symbiont-tech-suit-milano-carlo-erba\/\"]}]},{\"@type\":\"ImageObject\",\"inLanguage\":\"en-US\",\"@id\":\"https:\/\/www.urbanfitness.it\/prodotto\/noleggio-symbiont-tech-suit-milano-carlo-erba\/#primaryimage\",\"url\":\"https:\/\/www.urbanfitness.it\/wp-content\/uploads\/2023\/05\/symbiont.jpg\",\"contentUrl\":\"https:\/\/www.urbanfitness.it\/wp-content\/uploads\/2023\/05\/symbiont.jpg\",\"width\":1000,\"height\":1000},{\"@type\":\"BreadcrumbList\",\"@id\":\"https:\/\/www.urbanfitness.it\/prodotto\/noleggio-symbiont-tech-suit-milano-carlo-erba\/#breadcrumb\",\"itemListElement\":[{\"@type\":\"ListItem\",\"position\":1,\"name\":\"Home\",\"item\":\"https:\/\/www.urbanfitness.it\/en\/\"},{\"@type\":\"ListItem\",\"position\":2,\"name\":\"Shop\",\"item\":\"https:\/\/www.urbanfitness.it\/en\/shop\/\"},{\"@type\":\"ListItem\",\"position\":3,\"name\":\"Noleggio Symbiont Tech Suit &#8211; Milano Carlo Erba\"}]},{\"@type\":\"WebSite\",\"@id\":\"https:\/\/www.urbanfitness.it\/#website\",\"url\":\"https:\/\/www.urbanfitness.it\/\",\"name\":\"Urban Fitness\",\"description\":\"L&#039;unico metodo di allenamento EMS Certificato\",\"publisher\":{\"@id\":\"https:\/\/www.urbanfitness.it\/#organization\"},\"potentialAction\":[{\"@type\":\"SearchAction\",\"target\":{\"@type\":\"EntryPoint\",\"urlTemplate\":\"https:\/\/www.urbanfitness.it\/?s={search_term_string}\"},\"query-input\":{\"@type\":\"PropertyValueSpecification\",\"valueRequired\":true,\"valueName\":\"search_term_string\"}}],\"inLanguage\":\"en-US\"},{\"@type\":\"Organization\",\"@id\":\"https:\/\/www.urbanfitness.it\/#organization\",\"name\":\"Urban Fitness\",\"url\":\"https:\/\/www.urbanfitness.it\/\",\"logo\":{\"@type\":\"ImageObject\",\"inLanguage\":\"en-US\",\"@id\":\"https:\/\/www.urbanfitness.it\/#\/schema\/logo\/image\/\",\"url\":\"https:\/\/www.urbanfitness.it\/wp-content\/uploads\/2022\/07\/logo_header@2x.png\",\"contentUrl\":\"https:\/\/www.urbanfitness.it\/wp-content\/uploads\/2022\/07\/logo_header@2x.png\",\"width\":276,\"height\":100,\"caption\":\"Urban Fitness\"},\"image\":{\"@id\":\"https:\/\/www.urbanfitness.it\/#\/schema\/logo\/image\/\"},\"sameAs\":[\"https:\/\/www.facebook.com\/urbanfitness.it\"]}]}<\/script>\n<!-- \/ Yoast SEO plugin. -->","yoast_head_json":{"title":"Noleggio Symbiont Tech Suit - Milano Carlo Erba - Urban Fitness","description":"-1220","robots":{"index":"noindex","follow":"nofollow"},"og_locale":"en_US","og_type":"article","og_title":"Noleggio Symbiont Tech Suit - Milano Carlo Erba - Urban Fitness","og_description":"-1220","og_url":"https:\/\/www.urbanfitness.it\/prodotto\/noleggio-symbiont-tech-suit-milano-carlo-erba\/","og_site_name":"Urban Fitness","article_publisher":"https:\/\/www.facebook.com\/urbanfitness.it","article_modified_time":"2026-03-11T13:25:37+00:00","og_image":[{"width":1000,"height":1000,"url":"https:\/\/www.urbanfitness.it\/wp-content\/uploads\/2023\/05\/symbiont.jpg","type":"image\/jpeg"}],"twitter_card":"summary_large_image","twitter_image":"https:\/\/www.urbanfitness.it\/wp-content\/uploads\/2022\/07\/logo_header@2x.png","twitter_misc":{"Est. reading time":"1 minute"},"schema":{"@context":"https:\/\/schema.org","@graph":[{"@type":"WebPage","@id":"https:\/\/www.urbanfitness.it\/prodotto\/noleggio-symbiont-tech-suit-milano-carlo-erba\/","url":"https:\/\/www.urbanfitness.it\/prodotto\/noleggio-symbiont-tech-suit-milano-carlo-erba\/","name":"Noleggio Symbiont Tech Suit - Milano Carlo Erba - Urban Fitness","isPartOf":{"@id":"https:\/\/www.urbanfitness.it\/#website"},"primaryImageOfPage":{"@id":"https:\/\/www.urbanfitness.it\/prodotto\/noleggio-symbiont-tech-suit-milano-carlo-erba\/#primaryimage"},"image":{"@id":"https:\/\/www.urbanfitness.it\/prodotto\/noleggio-symbiont-tech-suit-milano-carlo-erba\/#primaryimage"},"thumbnailUrl":"https:\/\/www.urbanfitness.it\/wp-content\/uploads\/2023\/05\/symbiont.jpg","datePublished":"2023-05-22T07:27:19+00:00","dateModified":"2026-03-11T13:25:37+00:00","description":"-1220","breadcrumb":{"@id":"https:\/\/www.urbanfitness.it\/prodotto\/noleggio-symbiont-tech-suit-milano-carlo-erba\/#breadcrumb"},"inLanguage":"en-US","potentialAction":[{"@type":"ReadAction","target":["https:\/\/www.urbanfitness.it\/prodotto\/noleggio-symbiont-tech-suit-milano-carlo-erba\/"]}]},{"@type":"ImageObject","inLanguage":"en-US","@id":"https:\/\/www.urbanfitness.it\/prodotto\/noleggio-symbiont-tech-suit-milano-carlo-erba\/#primaryimage","url":"https:\/\/www.urbanfitness.it\/wp-content\/uploads\/2023\/05\/symbiont.jpg","contentUrl":"https:\/\/www.urbanfitness.it\/wp-content\/uploads\/2023\/05\/symbiont.jpg","width":1000,"height":1000},{"@type":"BreadcrumbList","@id":"https:\/\/www.urbanfitness.it\/prodotto\/noleggio-symbiont-tech-suit-milano-carlo-erba\/#breadcrumb","itemListElement":[{"@type":"ListItem","position":1,"name":"Home","item":"https:\/\/www.urbanfitness.it\/en\/"},{"@type":"ListItem","position":2,"name":"Shop","item":"https:\/\/www.urbanfitness.it\/en\/shop\/"},{"@type":"ListItem","position":3,"name":"Noleggio Symbiont Tech Suit &#8211; Milano Carlo Erba"}]},{"@type":"WebSite","@id":"https:\/\/www.urbanfitness.it\/#website","url":"https:\/\/www.urbanfitness.it\/","name":"Urban Fitness","description":"L&#039;unico metodo di allenamento EMS Certificato","publisher":{"@id":"https:\/\/www.urbanfitness.it\/#organization"},"potentialAction":[{"@type":"SearchAction","target":{"@type":"EntryPoint","urlTemplate":"https:\/\/www.urbanfitness.it\/?s={search_term_string}"},"query-input":{"@type":"PropertyValueSpecification","valueRequired":true,"valueName":"search_term_string"}}],"inLanguage":"en-US"},{"@type":"Organization","@id":"https:\/\/www.urbanfitness.it\/#organization","name":"Urban Fitness","url":"https:\/\/www.urbanfitness.it\/","logo":{"@type":"ImageObject","inLanguage":"en-US","@id":"https:\/\/www.urbanfitness.it\/#\/schema\/logo\/image\/","url":"https:\/\/www.urbanfitness.it\/wp-content\/uploads\/2022\/07\/logo_header@2x.png","contentUrl":"https:\/\/www.urbanfitness.it\/wp-content\/uploads\/2022\/07\/logo_header@2x.png","width":276,"height":100,"caption":"Urban Fitness"},"image":{"@id":"https:\/\/www.urbanfitness.it\/#\/schema\/logo\/image\/"},"sameAs":["https:\/\/www.facebook.com\/urbanfitness.it"]}]}},"_links":{"self":[{"href":"https:\/\/www.urbanfitness.it\/en\/wp-json\/wp\/v2\/product\/59015","targetHints":{"allow":["GET"]}}],"collection":[{"href":"https:\/\/www.urbanfitness.it\/en\/wp-json\/wp\/v2\/product"}],"about":[{"href":"https:\/\/www.urbanfitness.it\/en\/wp-json\/wp\/v2\/types\/product"}],"replies":[{"embeddable":true,"href":"https:\/\/www.urbanfitness.it\/en\/wp-json\/wp\/v2\/comments?post=59015"}],"wp:featuredmedia":[{"embeddable":true,"href":"https:\/\/www.urbanfitness.it\/en\/wp-json\/wp\/v2\/media\/58140"}],"wp:attachment":[{"href":"https:\/\/www.urbanfitness.it\/en\/wp-json\/wp\/v2\/media?parent=59015"}],"wp:term":[{"taxonomy":"product_brand","embeddable":true,"href":"https:\/\/www.urbanfitness.it\/en\/wp-json\/wp\/v2\/product_brand?post=59015"},{"taxonomy":"product_cat","embeddable":true,"href":"https:\/\/www.urbanfitness.it\/en\/wp-json\/wp\/v2\/product_cat?post=59015"},{"taxonomy":"product_tag","embeddable":true,"href":"https:\/\/www.urbanfitness.it\/en\/wp-json\/wp\/v2\/product_tag?post=59015"}],"curies":[{"name":"wp","href":"https:\/\/api.w.org\/{rel}","templated":true}]}}